{"id":1543,"date":"2019-03-19T10:00:50","date_gmt":"2019-03-19T10:00:50","guid":{"rendered":"http:\/\/www.maarifmevzuati.com\/?page_id=1543"},"modified":"2019-03-19T12:10:34","modified_gmt":"2019-03-19T12:10:34","slug":"dwqa-ask-question","status":"publish","type":"page","link":"https:\/\/www.maarifmevzuati.com\/?page_id=1543","title":{"rendered":"SORULARINIZ"},"content":{"rendered":"<div class=\"dwqa-container\" ><form method=\"post\" class=\"dwqa-content-edit-form\" enctype=\"multipart\/form-data\"><p class=\"dwqa-search\"><label for=\"question_title\">Sorunuzun Ba\u015fl\u0131\u011f\u0131:<\/label><input type=\"text\" data-nonce=\"8fa72fb4ac\" id=\"question-title\" name=\"question-title\" value=\"\" tabindex=\"1\"><\/p><p><div id=\"wp-question-content-wrap\" class=\"wp-core-ui wp-editor-wrap tmce-active\"><link rel='stylesheet' id='dashicons-css' href='https:\/\/www.maarifmevzuati.com\/wp-includes\/css\/dashicons.min.css?ver=6.7.1' type='text\/css' media='all' \/><link rel='stylesheet' id='editor-buttons-css' href='https:\/\/www.maarifmevzuati.com\/wp-includes\/css\/editor.min.css?ver=6.7.1' type='text\/css' media='all' \/><div id=\"wp-question-content-editor-tools\" class=\"wp-editor-tools hide-if-no-js\"><div class=\"wp-editor-tabs\"><button type=\"button\" id=\"question-content-tmce\" aria-pressed=\"true\" class=\"wp-switch-editor switch-tmce\" data-wp-editor-id=\"question-content\">G\u00f6rsel<\/button><button type=\"button\" id=\"question-content-html\" class=\"wp-switch-editor switch-html\" data-wp-editor-id=\"question-content\">Metin<\/button><\/div><\/div><div id=\"wp-question-content-editor-container\" class=\"wp-editor-container\"><div id=\"qt_question-content_toolbar\" class=\"quicktags-toolbar hide-if-no-js\"><\/div><textarea class=\"wp-editor-area\" rows=\"5\" autocomplete=\"off\" cols=\"40\" name=\"question-content\" id=\"question-content\"><\/textarea><\/div><\/div><\/p><p><label for=\"question-status\">Durum<\/label><select class=\"dwqa-select\" id=\"question-status\" name=\"question-status\"><optgroup label=\"Kimler G\u00f6rebilirsin?\"><option value=\"publish\">Herkes<\/option><option value=\"private\">Sadece Ben ve Y\u00f6netici<\/option><\/optgroup><\/select><\/p><p><label for=\"question-category\">Kategori<\/label><select name='question-category' id='question-category' class='postform'><option value='-1'>Soru Kategorisini Se\u00e7<\/option><option class=\"level-0\" value=\"8\">Mevzuat<\/option><option class=\"level-0\" value=\"10\">Ekders<\/option><option class=\"level-0\" value=\"11\">G\u00f6revlendirme<\/option><option class=\"level-0\" value=\"12\">Y\u00f6netmelik<\/option><option class=\"level-0\" value=\"13\">Y\u00f6nerge<\/option><option class=\"level-0\" value=\"14\">Di\u011fer<\/option><\/select><\/p><p><label for=\"question-tag\">Sorunuzla Alakal\u0131 Anahtar Kelimeler<\/label><input type=\"text\" class=\"\" name=\"question-tag\" value=\"\" ><\/p><p><label for=\"_dwqa_anonymous_email\">E-Posta Adresiniz:<\/label><input type=\"email\" class=\"\" name=\"_dwqa_anonymous_email\" value=\"\" ><\/p><p><label for=\"_dwqa_anonymous_name\">Ad\u0131n\u0131z-Soyad\u0131n\u0131z (veya takma ad\u0131n\u0131z) :<\/label><input type=\"text\" class=\"\" name=\"_dwqa_anonymous_name\" value=\"\" ><\/p><input type=\"hidden\" id=\"_wpnonce\" name=\"_wpnonce\" value=\"350511ce04\" \/><input type=\"hidden\" name=\"_wp_http_referer\" value=\"\/index.php?rest_route=%2Fwp%2Fv2%2Fpages%2F1543\" \/><input type=\"submit\" name=\"dwqa-question-submit\" value=\"G\u00f6nder\" ><\/form><\/div>\n","protected":false},"excerpt":{"rendered":"<div class=\"dwqa-container\" ><form method=\"post\" class=\"dwqa-content-edit-form\" enctype=\"multipart\/form-data\"><p class=\"dwqa-search\"><label for=\"question_title\">Sorunuzun Ba\u015fl\u0131\u011f\u0131:<\/label><input type=\"text\" data-nonce=\"8fa72fb4ac\" id=\"question-title\" name=\"question-title\" value=\"\" tabindex=\"1\"><\/p><p><div id=\"wp-question-content-wrap\" class=\"wp-core-ui wp-editor-wrap tmce-active\"><div id=\"wp-question-content-editor-tools\" class=\"wp-editor-tools hide-if-no-js\"><div class=\"wp-editor-tabs\"><button type=\"button\" id=\"question-content-tmce\" aria-pressed=\"true\" class=\"wp-switch-editor switch-tmce\" data-wp-editor-id=\"question-content\">G\u00f6rsel<\/button><button type=\"button\" id=\"question-content-html\" class=\"wp-switch-editor switch-html\" data-wp-editor-id=\"question-content\">Metin<\/button><\/div><\/div><div id=\"wp-question-content-editor-container\" class=\"wp-editor-container\"><div id=\"qt_question-content_toolbar\" class=\"quicktags-toolbar hide-if-no-js\"><\/div><textarea class=\"wp-editor-area\" rows=\"5\" autocomplete=\"off\" cols=\"40\" name=\"question-content\" id=\"question-content\"><\/textarea><\/div><\/div><\/p><p><label for=\"question-status\">Durum<\/label><select class=\"dwqa-select\" id=\"question-status\" name=\"question-status\"><optgroup label=\"Kimler G\u00f6rebilirsin?\"><option value=\"publish\">Herkes<\/option><option value=\"private\">Sadece Ben ve Y\u00f6netici<\/option><\/optgroup><\/select><\/p><p><label for=\"question-category\">Kategori<\/label><select name='question-category' id='question-category' class='postform'><option value='-1'>Soru Kategorisini Se\u00e7<\/option><option class=\"level-0\" value=\"8\">Mevzuat<\/option><option class=\"level-0\" value=\"10\">Ekders<\/option><option class=\"level-0\" value=\"11\">G\u00f6revlendirme<\/option><option class=\"level-0\" value=\"12\">Y\u00f6netmelik<\/option><option class=\"level-0\" value=\"13\">Y\u00f6nerge<\/option><option class=\"level-0\" value=\"14\">Di\u011fer<\/option><\/select><\/p><p><label for=\"question-tag\">Sorunuzla Alakal\u0131 Anahtar Kelimeler<\/label><input type=\"text\" class=\"\" name=\"question-tag\" value=\"\" ><\/p><p><label for=\"_dwqa_anonymous_email\">E-Posta Adresiniz:<\/label><input type=\"email\" class=\"\" name=\"_dwqa_anonymous_email\" value=\"\" ><\/p><p><label for=\"_dwqa_anonymous_name\">Ad\u0131n\u0131z-Soyad\u0131n\u0131z (veya takma ad\u0131n\u0131z) :<\/label><input type=\"text\" class=\"\" name=\"_dwqa_anonymous_name\" value=\"\" ><\/p><input type=\"hidden\" id=\"_wpnonce\" name=\"_wpnonce\" value=\"350511ce04\" \/><input type=\"hidden\" name=\"_wp_http_referer\" value=\"\/index.php?rest_route=%2Fwp%2Fv2%2Fpages%2F1543\" \/><input type=\"submit\" name=\"dwqa-question-submit\" value=\"G\u00f6nder\" ><\/form><\/div>\n","protected":false},"author":1,"featured_media":0,"parent":0,"menu_order":0,"comment_status":"closed","ping_status":"closed","template":"","meta":{"footnotes":""},"class_list":["post-1543","page","type-page","status-publish","hentry"],"_links":{"self":[{"href":"https:\/\/www.maarifmevzuati.com\/index.php?rest_route=\/wp\/v2\/pages\/1543","targetHints":{"allow":["GET"]}}],"collection":[{"href":"https:\/\/www.maarifmevzuati.com\/index.php?rest_route=\/wp\/v2\/pages"}],"about":[{"href":"https:\/\/www.maarifmevzuati.com\/index.php?rest_route=\/wp\/v2\/types\/page"}],"author":[{"embeddable":true,"href":"https:\/\/www.maarifmevzuati.com\/index.php?rest_route=\/wp\/v2\/users\/1"}],"replies":[{"embeddable":true,"href":"https:\/\/www.maarifmevzuati.com\/index.php?rest_route=%2Fwp%2Fv2%2Fcomments&post=1543"}],"version-history":[{"count":4,"href":"https:\/\/www.maarifmevzuati.com\/index.php?rest_route=\/wp\/v2\/pages\/1543\/revisions"}],"predecessor-version":[{"id":1555,"href":"https:\/\/www.maarifmevzuati.com\/index.php?rest_route=\/wp\/v2\/pages\/1543\/revisions\/1555"}],"wp:attachment":[{"href":"https:\/\/www.maarifmevzuati.com\/index.php?rest_route=%2Fwp%2Fv2%2Fmedia&parent=1543"}],"curies":[{"name":"wp","href":"https:\/\/api.w.org\/{rel}","templated":true}]}}