{"id":19753,"date":"2022-09-19T12:53:53","date_gmt":"2022-09-19T12:53:53","guid":{"rendered":"https:\/\/www.maarifmevzuati.com\/?page_id=19753"},"modified":"2024-03-09T09:06:37","modified_gmt":"2024-03-09T09:06:37","slug":"kanunlar","status":"publish","type":"page","link":"https:\/\/www.maarifmevzuati.com\/?page_id=19753","title":{"rendered":"KANUNLAR"},"content":{"rendered":"\n<div class=\"wp-block-file\"><a id=\"wp-block-file--media-3bf28b80-d824-4d23-9966-f73f6ccee359\" href=\"https:\/\/www.maarifmevzuati.com\/wp-content\/uploads\/2022\/09\/4483-SAYILI-MEMURLAR-VE-DIGER-KAMU-GOREVLILERININ-YARGILANMASI-HAKKINDA-KANUN.docx\">4483 SAYILI MEMURLAR VE D\u0130\u011eER KAMU G\u00d6REVL\u0130LER\u0130N\u0130N YARGILANMASI HAKKINDA KANUN<\/a><a href=\"https:\/\/www.maarifmevzuati.com\/wp-content\/uploads\/2022\/09\/4483-SAYILI-MEMURLAR-VE-DIGER-KAMU-GOREVLILERININ-YARGILANMASI-HAKKINDA-KANUN.docx\" class=\"wp-block-file__button wp-element-button\" download aria-describedby=\"wp-block-file--media-3bf28b80-d824-4d23-9966-f73f6ccee359\">\u0130ndir<\/a><\/div>\n\n\n\n<div class=\"wp-block-file\"><a id=\"wp-block-file--media-4f437295-bcd2-4f21-aa8d-2b2c0e09e8d8\" href=\"https:\/\/www.maarifmevzuati.com\/wp-content\/uploads\/2022\/09\/HARCIRAH-KANUNU-.docx\">HARCIRAH KANUNU<\/a><a href=\"https:\/\/www.maarifmevzuati.com\/wp-content\/uploads\/2022\/09\/HARCIRAH-KANUNU-.docx\" class=\"wp-block-file__button wp-element-button\" download aria-describedby=\"wp-block-file--media-4f437295-bcd2-4f21-aa8d-2b2c0e09e8d8\">\u0130ndir<\/a><\/div>\n\n\n\n<div class=\"wp-block-file\"><a id=\"wp-block-file--media-dbf597f9-24ad-4df4-9403-0bdca7a4e916\" href=\"https:\/\/www.maarifmevzuati.com\/wp-content\/uploads\/2022\/09\/MILLI-EGITIM-BAKANLIGI-OKUL-PANSIYONLARI-KANUNU.docx\">M\u0130LL\u0130 E\u011e\u0130T\u0130M BAKANLI\u011eI OKUL PANS\u0130YONLARI KANUNU<\/a><a href=\"https:\/\/www.maarifmevzuati.com\/wp-content\/uploads\/2022\/09\/MILLI-EGITIM-BAKANLIGI-OKUL-PANSIYONLARI-KANUNU.docx\" class=\"wp-block-file__button wp-element-button\" download aria-describedby=\"wp-block-file--media-dbf597f9-24ad-4df4-9403-0bdca7a4e916\">\u0130ndir<\/a><\/div>\n\n\n\n<div class=\"wp-block-file\"><a id=\"wp-block-file--media-8b2a6cb4-7a6f-4276-8b7c-aba6f6b3aa52\" href=\"https:\/\/www.maarifmevzuati.com\/wp-content\/uploads\/2022\/09\/MILLI-EGITIM-TEMEL-KANUNU-.docx\"><strong>M\u0130LL\u0130 E\u011e\u0130T\u0130M TEMEL KANUNU<\/strong><\/a><a href=\"https:\/\/www.maarifmevzuati.com\/wp-content\/uploads\/2022\/09\/MILLI-EGITIM-TEMEL-KANUNU-.docx\" class=\"wp-block-file__button wp-element-button\" download aria-describedby=\"wp-block-file--media-8b2a6cb4-7a6f-4276-8b7c-aba6f6b3aa52\">\u0130ndir<\/a><\/div>\n\n\n\n<div class=\"wp-block-file\"><a id=\"wp-block-file--media-04af1f40-6540-456a-8e64-5e1746289c35\" href=\"https:\/\/www.maarifmevzuati.com\/wp-content\/uploads\/2022\/09\/TEBLIGAT-KANUNU.docx\">TEBL\u0130GAT KANUNU<\/a><a href=\"https:\/\/www.maarifmevzuati.com\/wp-content\/uploads\/2022\/09\/TEBLIGAT-KANUNU.docx\" class=\"wp-block-file__button wp-element-button\" download aria-describedby=\"wp-block-file--media-04af1f40-6540-456a-8e64-5e1746289c35\">\u0130ndir<\/a><\/div>\n\n\n\n<div class=\"wp-block-file\"><a id=\"wp-block-file--media-75c8e42c-5920-4e97-9bb0-d375801934b2\" href=\"https:\/\/www.maarifmevzuati.com\/wp-content\/uploads\/2022\/09\/TURKIYE-CUMHURIYETI-ANAYASASI-.docx\">T\u00dcRK\u0130YE CUMHUR\u0130YET\u0130 ANAYASI<\/a><a href=\"https:\/\/www.maarifmevzuati.com\/wp-content\/uploads\/2022\/09\/TURKIYE-CUMHURIYETI-ANAYASASI-.docx\" class=\"wp-block-file__button wp-element-button\" download aria-describedby=\"wp-block-file--media-75c8e42c-5920-4e97-9bb0-d375801934b2\">\u0130ndir<\/a><\/div>\n\n\n\n<div class=\"wp-block-file\"><a id=\"wp-block-file--media-8d0e9713-2cca-4905-b070-7eeca0fabd74\" href=\"https:\/\/www.maarifmevzuati.com\/wp-content\/uploads\/2022\/09\/7417-Sayili-Devlet-Memurlari-Kanunu-ile-Bazi-Kanunlarda-ve-375-Sayili-Kanun-Hukmunde-Kararnamede-Degisiklik-Yapilmasina-Dair-Kanun.docx\">7417 SAYILI DEVLET MEMURLARI KANUNU \u0130LE BAZI KANUNLARDA VE 375 SAYILI KANUN H\u00dcKM\u00dcNDE KARARNAMEDE DE\u011e\u0130\u015e\u0130KL\u0130K YAPILMASINA DA\u0130R KANUN<\/a><a href=\"https:\/\/www.maarifmevzuati.com\/wp-content\/uploads\/2022\/09\/7417-Sayili-Devlet-Memurlari-Kanunu-ile-Bazi-Kanunlarda-ve-375-Sayili-Kanun-Hukmunde-Kararnamede-Degisiklik-Yapilmasina-Dair-Kanun.docx\" class=\"wp-block-file__button wp-element-button\" download aria-describedby=\"wp-block-file--media-8d0e9713-2cca-4905-b070-7eeca0fabd74\">\u0130ndir<\/a><\/div>\n\n\n\n<div class=\"wp-block-file\"><a id=\"wp-block-file--media-b7180acc-70f8-42b0-8536-20159bc09395\" href=\"https:\/\/www.maarifmevzuati.com\/wp-content\/uploads\/2022\/09\/7354-Sayili-Ogretmenlik-Meslek-Kanunu.docx\"><strong>7354 SAYILI \u00d6\u011eRETMENL\u0130K MESLEK KANUNU<\/strong><\/a><a href=\"https:\/\/www.maarifmevzuati.com\/wp-content\/uploads\/2022\/09\/7354-Sayili-Ogretmenlik-Meslek-Kanunu.docx\" class=\"wp-block-file__button wp-element-button\" download aria-describedby=\"wp-block-file--media-b7180acc-70f8-42b0-8536-20159bc09395\">\u0130ndir<\/a><\/div>\n\n\n\n<div class=\"wp-block-file\"><a id=\"wp-block-file--media-4016b0d5-0bd4-4441-8cd1-37c064bf1a84\" href=\"https:\/\/www.maarifmevzuati.com\/wp-content\/uploads\/2022\/09\/Guvenlik-Sorusturmasi-ve-Arsiv-Arastirmasi-Kanunu.docx\">G\u00dcVENL\u0130K SORU\u015eTURMASI VE AR\u015e\u0130V ARA\u015eTIRMASI KANUNU<\/a><a href=\"https:\/\/www.maarifmevzuati.com\/wp-content\/uploads\/2022\/09\/Guvenlik-Sorusturmasi-ve-Arsiv-Arastirmasi-Kanunu.docx\" class=\"wp-block-file__button wp-element-button\" download aria-describedby=\"wp-block-file--media-4016b0d5-0bd4-4441-8cd1-37c064bf1a84\">\u0130ndir<\/a><\/div>\n\n\n\n<div class=\"wp-block-file\"><a id=\"wp-block-file--media-8a144211-f490-43a5-8601-fd96a7c1673a\" href=\"https:\/\/www.maarifmevzuati.com\/wp-content\/uploads\/2022\/10\/2022-Yili-Merkezi-Yonetim-Butce-Kanunu-ile-Bagli-Cetvellerinde-Degisiklik-Yapilmasina-Dair-Kanun.docx\">2022 YILI MERKEZ\u0130 Y\u00d6NET\u0130M B\u00dcT\u00c7E KANUNU \u0130LE BA\u011eLI CETVELLER\u0130NDE DE\u011e\u0130\u015e\u0130KL\u0130K YAPILMASI DA\u0130R KANUN<\/a><a href=\"https:\/\/www.maarifmevzuati.com\/wp-content\/uploads\/2022\/10\/2022-Yili-Merkezi-Yonetim-Butce-Kanunu-ile-Bagli-Cetvellerinde-Degisiklik-Yapilmasina-Dair-Kanun.docx\" class=\"wp-block-file__button wp-element-button\" download aria-describedby=\"wp-block-file--media-8a144211-f490-43a5-8601-fd96a7c1673a\">\u0130ndir<\/a><\/div>\n\n\n\n<div class=\"wp-block-file\"><a id=\"wp-block-file--media-ac2d9dd8-7d49-445e-a894-5b4e49a210b8\" href=\"https:\/\/www.maarifmevzuati.com\/wp-content\/uploads\/2022\/10\/7394-Sayili-Kanun.docx\">7394 SAYILI HAZ\u0130NEYE A\u0130T TA\u015eINMAZ MALLARIN DE\u011eERLEND\u0130R\u0130LMES\u0130 VE KATMA<br>DE\u011eER VERG\u0130S\u0130 KANUNUNDA DE\u011e\u0130\u015e\u0130KL\u0130K YAPILMASI HAKKINDA<br>KANUN \u0130LE BAZI KANUNLARDA VE KANUN H\u00dcKM\u00dcNDE<br>KARARNAMELERDE DE\u011e\u0130\u015e\u0130KL\u0130K<br>YAPILMASINA DA\u0130R KANUN<\/a><a href=\"https:\/\/www.maarifmevzuati.com\/wp-content\/uploads\/2022\/10\/7394-Sayili-Kanun.docx\" class=\"wp-block-file__button wp-element-button\" download aria-describedby=\"wp-block-file--media-ac2d9dd8-7d49-445e-a894-5b4e49a210b8\">\u0130ndir<\/a><\/div>\n\n\n\n<div class=\"wp-block-file\"><a id=\"wp-block-file--media-bf2978e2-6242-4d51-8095-53cef2395908\" href=\"https:\/\/www.maarifmevzuati.com\/wp-content\/uploads\/2022\/10\/HARCIRAH-KANUN-ILE-ILGILI-OZET-SAYISTAY-KARARLARI.docx\">HARCIRAH KANUN \u0130LE \u0130LG\u0130L\u0130 \u00d6ZET SAYI\u015eTAY KARARLARI<\/a><a href=\"https:\/\/www.maarifmevzuati.com\/wp-content\/uploads\/2022\/10\/HARCIRAH-KANUN-ILE-ILGILI-OZET-SAYISTAY-KARARLARI.docx\" class=\"wp-block-file__button wp-element-button\" download aria-describedby=\"wp-block-file--media-bf2978e2-6242-4d51-8095-53cef2395908\">\u0130ndir<\/a><\/div>\n\n\n\n<div class=\"wp-block-file\"><a id=\"wp-block-file--media-680bfbef-0fd9-4c4c-b258-34509ad5bd2e\" href=\"https:\/\/www.maarifmevzuati.com\/wp-content\/uploads\/2023\/03\/DEVLET-MEMURLARI-KANUNU_SON-HALI-2023.docx\"><strong>657 SAYILI DEVLET MEMURLARI KANUNU<\/strong><\/a><a href=\"https:\/\/www.maarifmevzuati.com\/wp-content\/uploads\/2023\/03\/DEVLET-MEMURLARI-KANUNU_SON-HALI-2023.docx\" class=\"wp-block-file__button wp-element-button\" download aria-describedby=\"wp-block-file--media-680bfbef-0fd9-4c4c-b258-34509ad5bd2e\">\u0130ndir<\/a><\/div>\n\n\n\n<div class=\"wp-block-file\"><a id=\"wp-block-file--media-13463dad-94f8-4e0e-9402-32e97b22a20b\" href=\"https:\/\/www.maarifmevzuati.com\/wp-content\/uploads\/2023\/03\/DEVLET-MEMURLARI-KANUNU-VE-BAZI-KANUNLAR-ILE-663-SAYILI-KANUN-HUKMUNDE-KARARNAMEDE-DEGISIKLIK-YAPILMASINA-DAIR-KANUN-1.docx\">7433 SAYILI DEVLET MEMURLARI KANUNU VE BAZI KANUNLAR \u0130LE 663 SAYILI SAYILI KANUN H\u00dcKM\u00dcNDE KARARNAMEDE DE\u011e\u0130\u015e\u0130KL\u0130K YAPILMASINA DA\u0130R KANUN<\/a><a href=\"https:\/\/www.maarifmevzuati.com\/wp-content\/uploads\/2023\/03\/DEVLET-MEMURLARI-KANUNU-VE-BAZI-KANUNLAR-ILE-663-SAYILI-KANUN-HUKMUNDE-KARARNAMEDE-DEGISIKLIK-YAPILMASINA-DAIR-KANUN-1.docx\" class=\"wp-block-file__button wp-element-button\" download aria-describedby=\"wp-block-file--media-13463dad-94f8-4e0e-9402-32e97b22a20b\">\u0130ndir<\/a><\/div>\n\n\n\n<div class=\"wp-block-file\"><a id=\"wp-block-file--media-ecff1346-ead0-435b-8039-a9b3ba8428db\" href=\"https:\/\/www.maarifmevzuati.com\/wp-content\/uploads\/2023\/03\/ILKOGRETIM-VE-EGITIM-KANUNU...docx\"><strong>\u0130LK\u00d6\u011eRET\u0130M VE E\u011e\u0130T\u0130M KANUNU<\/strong><\/a><a href=\"https:\/\/www.maarifmevzuati.com\/wp-content\/uploads\/2023\/03\/ILKOGRETIM-VE-EGITIM-KANUNU...docx\" class=\"wp-block-file__button wp-element-button\" download aria-describedby=\"wp-block-file--media-ecff1346-ead0-435b-8039-a9b3ba8428db\">\u0130ndir<\/a><\/div>\n\n\n\n<div class=\"wp-block-file\"><a id=\"wp-block-file--media-46516c03-93eb-48ee-b7cf-ca71ba7d4b73\" href=\"https:\/\/www.maarifmevzuati.com\/wp-content\/uploads\/2023\/03\/2577-IDARI-YARGILAMA-USULU-KANUNU.docx\"><strong>2577 SAYILI \u0130DAR\u0130 YARGILAMA USUL\u00dc KANUNU<\/strong><\/a><a href=\"https:\/\/www.maarifmevzuati.com\/wp-content\/uploads\/2023\/03\/2577-IDARI-YARGILAMA-USULU-KANUNU.docx\" class=\"wp-block-file__button wp-element-button\" download aria-describedby=\"wp-block-file--media-46516c03-93eb-48ee-b7cf-ca71ba7d4b73\">\u0130ndir<\/a><\/div>\n\n\n\n<div class=\"wp-block-file\"><a id=\"wp-block-file--media-4ecf4d59-3288-40ea-959c-8d651b4f95ca\" href=\"https:\/\/www.maarifmevzuati.com\/wp-content\/uploads\/2023\/03\/MILLI-EGITIM-BAKANLIGINA-BAGLI-MESLEKI-VE-TEKNIK-OGRETIM-OKULLARI-DONER-SERMAYESI-HAKKINDA-KANUN.docx\"><strong>M\u0130LL\u0130 E\u011e\u0130T\u0130M BAKANLI\u011eINA BA\u011eLI MESLEK\u0130 VE TEKN\u0130K \u00d6\u011eRET\u0130M OKULLARI D\u00d6NER SERMAYES\u0130 HAKKINDA KANUN<\/strong><\/a><a href=\"https:\/\/www.maarifmevzuati.com\/wp-content\/uploads\/2023\/03\/MILLI-EGITIM-BAKANLIGINA-BAGLI-MESLEKI-VE-TEKNIK-OGRETIM-OKULLARI-DONER-SERMAYESI-HAKKINDA-KANUN.docx\" class=\"wp-block-file__button wp-element-button\" download aria-describedby=\"wp-block-file--media-4ecf4d59-3288-40ea-959c-8d651b4f95ca\">\u0130ndir<\/a><\/div>\n\n\n\n<div class=\"wp-block-file\"><a id=\"wp-block-file--media-00631ad4-7903-417b-b543-02e327ffdf38\" href=\"https:\/\/www.maarifmevzuati.com\/wp-content\/uploads\/2023\/03\/OGRENCILERLE-ILGILI-BAZI-BASILI-EVRAKIN-MILLI-EGITIM-BAKANLIGINCA-HAZIRLANMASI-BASTIRILMASI-VE-SATILMASI-HAKKINDA-KANUN.docx\"><strong>\u00d6\u011eRENC\u0130LERLE \u0130LG\u0130L\u0130 BAZI BASILI EVRAKIN M\u0130LL\u0130 E\u011e\u0130T\u0130M BAKANLI\u011eINCA HAZIRLANMASI, BASTIRILMASI VE SATILMASI HAKKINDA KANUN<\/strong><\/a><a href=\"https:\/\/www.maarifmevzuati.com\/wp-content\/uploads\/2023\/03\/OGRENCILERLE-ILGILI-BAZI-BASILI-EVRAKIN-MILLI-EGITIM-BAKANLIGINCA-HAZIRLANMASI-BASTIRILMASI-VE-SATILMASI-HAKKINDA-KANUN.docx\" class=\"wp-block-file__button wp-element-button\" download aria-describedby=\"wp-block-file--media-00631ad4-7903-417b-b543-02e327ffdf38\">\u0130ndir<\/a><\/div>\n\n\n\n<div class=\"wp-block-file\"><a id=\"wp-block-file--media-7d1cff4a-d7ec-46b5-86b0-4631b8357d5b\" href=\"https:\/\/www.maarifmevzuati.com\/wp-content\/uploads\/2023\/03\/439-SAYILI-MILLI-EGITIM-BAKANLIGINA-BAGLI-YUKSEK-VE-ORTA-DERECELI-OKULLAR-OGRETMENLERI-ILE-ILKOKUL-OGRETMENLERININ-HAFTALIK-DERS-SAATLERI-ILE-EK-DERS-UCRETLERI-HAKKINDA-KANUN.docx\"><strong>439 SAYILI M\u0130LL\u0130 E\u011e\u0130T\u0130M BAKANLI\u011eINA BA\u011eLI Y\u00dcKSEK VE ORTA DERECEL\u0130 OKULLAR \u00d6\u011eRETMENLER\u0130 \u0130LE \u0130LKOKUL \u00d6\u011eRETMENLER\u0130N\u0130N HAFTALIK DERS SAATLER\u0130 \u0130LE EK DERS \u00dcCRETLER\u0130 HAKKINDA KANUN<\/strong><\/a><a href=\"https:\/\/www.maarifmevzuati.com\/wp-content\/uploads\/2023\/03\/439-SAYILI-MILLI-EGITIM-BAKANLIGINA-BAGLI-YUKSEK-VE-ORTA-DERECELI-OKULLAR-OGRETMENLERI-ILE-ILKOKUL-OGRETMENLERININ-HAFTALIK-DERS-SAATLERI-ILE-EK-DERS-UCRETLERI-HAKKINDA-KANUN.docx\" class=\"wp-block-file__button wp-element-button\" download aria-describedby=\"wp-block-file--media-7d1cff4a-d7ec-46b5-86b0-4631b8357d5b\">\u0130ndir<\/a><\/div>\n\n\n\n<div class=\"wp-block-file\"><a id=\"wp-block-file--media-e8cc8a3f-45b8-4cba-bdbd-b532d923878c\" href=\"https:\/\/www.maarifmevzuati.com\/wp-content\/uploads\/2023\/03\/3308-SAYILI-MESLEKI-EGITIM-KANUNU.docx\"><strong>3308 SAYILI MESLEK\u0130 E\u011e\u0130T\u0130M KANUNU<\/strong><\/a><a href=\"https:\/\/www.maarifmevzuati.com\/wp-content\/uploads\/2023\/03\/3308-SAYILI-MESLEKI-EGITIM-KANUNU.docx\" class=\"wp-block-file__button wp-element-button\" download aria-describedby=\"wp-block-file--media-e8cc8a3f-45b8-4cba-bdbd-b532d923878c\">\u0130ndir<\/a><\/div>\n\n\n\n<div class=\"wp-block-file\"><a id=\"wp-block-file--media-efcd084b-32b4-43cb-b81d-54a37cb13a33\" href=\"https:\/\/www.maarifmevzuati.com\/wp-content\/uploads\/2023\/03\/KAMU-IHALE-KANUNU.docx\"><strong>KAMU \u0130HALE KANUNU<\/strong><\/a><a href=\"https:\/\/www.maarifmevzuati.com\/wp-content\/uploads\/2023\/03\/KAMU-IHALE-KANUNU.docx\" class=\"wp-block-file__button wp-element-button\" download aria-describedby=\"wp-block-file--media-efcd084b-32b4-43cb-b81d-54a37cb13a33\">\u0130ndir<\/a><\/div>\n\n\n\n<div class=\"wp-block-file\"><a id=\"wp-block-file--media-ea3edabc-5da2-47fe-8627-b6e7b30c84bf\" href=\"https:\/\/www.maarifmevzuati.com\/wp-content\/uploads\/2023\/03\/5018-SAYILI-KAMU-MALI-YONETIMI-VE-KONTROL-KANUNU.docx\"><strong>5018 SAYILI KAMU MAL\u0130 Y\u00d6NET\u0130M\u0130 VE KONTROL KANUNU<\/strong><\/a><a href=\"https:\/\/www.maarifmevzuati.com\/wp-content\/uploads\/2023\/03\/5018-SAYILI-KAMU-MALI-YONETIMI-VE-KONTROL-KANUNU.docx\" class=\"wp-block-file__button wp-element-button\" download aria-describedby=\"wp-block-file--media-ea3edabc-5da2-47fe-8627-b6e7b30c84bf\">\u0130ndir<\/a><\/div>\n\n\n\n<div class=\"wp-block-file\"><a id=\"wp-block-file--media-49383baa-6d69-4aed-b793-0b77969dbd12\" href=\"https:\/\/www.maarifmevzuati.com\/wp-content\/uploads\/2023\/03\/KAMU-IHALE-SOZLESMELERI-KANUNU.docx\"><strong>KAMU \u0130HALE S\u00d6ZLE\u015eMELER\u0130 KANUNU<\/strong><\/a><a href=\"https:\/\/www.maarifmevzuati.com\/wp-content\/uploads\/2023\/03\/KAMU-IHALE-SOZLESMELERI-KANUNU.docx\" class=\"wp-block-file__button wp-element-button\" download aria-describedby=\"wp-block-file--media-49383baa-6d69-4aed-b793-0b77969dbd12\">\u0130ndir<\/a><\/div>\n\n\n\n<div class=\"wp-block-file\"><a id=\"wp-block-file--media-47d86a7e-5049-4641-976c-09797a00949d\" href=\"https:\/\/www.maarifmevzuati.com\/wp-content\/uploads\/2023\/03\/7075-SAYILI-OLAGANUSTU-HAL-ISLEMLERI-INCELEME-KOMISYONU-KURULMASI-HAKKINDA-KANUN-HUKMUNDE-KARARNAMENIN-DEGISTIRILEREK-KABUL-EDILMESINE-DAIR-KANUN-1.docx\"><strong>7075 SAYILI OLA\u011eAN\u00dcST\u00dc HAL \u0130\u015eLEMLER\u0130 \u0130NCELEME KOM\u0130SYONU KURULMASI HAKKINDA KANUN H\u00dcKM\u00dcNDE KARARNAMEN\u0130N DE\u011e\u0130\u015eT\u0130R\u0130LEREK KABUL ED\u0130LMES\u0130NE DA\u0130R KANUN<\/strong><\/a><a href=\"https:\/\/www.maarifmevzuati.com\/wp-content\/uploads\/2023\/03\/7075-SAYILI-OLAGANUSTU-HAL-ISLEMLERI-INCELEME-KOMISYONU-KURULMASI-HAKKINDA-KANUN-HUKMUNDE-KARARNAMENIN-DEGISTIRILEREK-KABUL-EDILMESINE-DAIR-KANUN-1.docx\" class=\"wp-block-file__button wp-element-button\" download aria-describedby=\"wp-block-file--media-47d86a7e-5049-4641-976c-09797a00949d\">\u0130ndir<\/a><\/div>\n\n\n\n<div class=\"wp-block-file\"><a id=\"wp-block-file--media-27080d93-c2fa-45d7-a376-95e43f4e7ba5\" href=\"https:\/\/www.maarifmevzuati.com\/wp-content\/uploads\/2023\/03\/MILLI-EGITIM-BAKANLIGI-YONETICI-VE-OGRETMENLERININ-DERS-VE-EK-DERS-SAATLERINE-ILISKIN-KARAR.docx\"><strong>M\u0130LL\u0130 E\u011e\u0130T\u0130M BAKANLI\u011eI Y\u00d6NET\u0130C\u0130 VE \u00d6\u011eRETMENLER\u0130N\u0130N DERS VE EK DERS SAATLER\u0130NE \u0130L\u0130\u015eK\u0130N KARAR<\/strong><\/a><a href=\"https:\/\/www.maarifmevzuati.com\/wp-content\/uploads\/2023\/03\/MILLI-EGITIM-BAKANLIGI-YONETICI-VE-OGRETMENLERININ-DERS-VE-EK-DERS-SAATLERINE-ILISKIN-KARAR.docx\" class=\"wp-block-file__button wp-element-button\" download aria-describedby=\"wp-block-file--media-27080d93-c2fa-45d7-a376-95e43f4e7ba5\">\u0130ndir<\/a><\/div>\n\n\n\n<div class=\"wp-block-file\"><a id=\"wp-block-file--media-5b4406ad-dec8-452a-9a88-42a2a9136f34\" href=\"https:\/\/www.maarifmevzuati.com\/wp-content\/uploads\/2023\/10\/7433-sayili-Kanun.docx\"><strong>7433 SAYILI DEVLET MEMURLARI KANUNU VE BAZI KANUNLAR \u0130LE 663 SAYILI KANUN H\u00dcKM\u00dcNDE KARARNAMEDE DE\u011e\u0130\u015e\u0130KL\u0130K YAPILMASINA DA\u0130R KANUN<\/strong><\/a><a href=\"https:\/\/www.maarifmevzuati.com\/wp-content\/uploads\/2023\/10\/7433-sayili-Kanun.docx\" class=\"wp-block-file__button wp-element-button\" download aria-describedby=\"wp-block-file--media-5b4406ad-dec8-452a-9a88-42a2a9136f34\">\u0130ndir<\/a><\/div>\n\n\n\n<div class=\"wp-block-file\"><a id=\"wp-block-file--media-6bd77b11-bdfd-457b-b73d-86eb66416b92\" href=\"https:\/\/www.maarifmevzuati.com\/wp-content\/uploads\/2023\/11\/657-Sayili-Devlet-Memurlari-Kanunu_2023.docx\">657-Say\u0131l\u0131 <strong>Devlet Memurlar\u0131 Kanunu<\/strong>_ 2023<\/a><a href=\"https:\/\/www.maarifmevzuati.com\/wp-content\/uploads\/2023\/11\/657-Sayili-Devlet-Memurlari-Kanunu_2023.docx\" class=\"wp-block-file__button wp-element-button\" download aria-describedby=\"wp-block-file--media-6bd77b11-bdfd-457b-b73d-86eb66416b92\">\u0130ndir<\/a><\/div>\n\n\n\n<div class=\"wp-block-file\"><a id=\"wp-block-file--media-65eb26d7-65a0-43a5-bf69-c2939dd02720\" href=\"https:\/\/www.maarifmevzuati.com\/wp-content\/uploads\/2023\/12\/7491-SAYILI-BAZI-KANUN-VE-KANUN-HUKMUNDE-KARARNAMELERDE-DEGISIKLIK-YAPILMASI-HAKKINDA-KANUN.docx\"><strong>7491 SAYILI BAZI KANUN VE KANUN H\u00dcKM\u00dcNDE KARARNAMELERDE DE\u011e\u0130\u015e\u0130KL\u0130K YAPILMASI HAKKINDA KANUN<\/strong><\/a><a href=\"https:\/\/www.maarifmevzuati.com\/wp-content\/uploads\/2023\/12\/7491-SAYILI-BAZI-KANUN-VE-KANUN-HUKMUNDE-KARARNAMELERDE-DEGISIKLIK-YAPILMASI-HAKKINDA-KANUN.docx\" class=\"wp-block-file__button wp-element-button\" download aria-describedby=\"wp-block-file--media-65eb26d7-65a0-43a5-bf69-c2939dd02720\">\u0130ndir<\/a><\/div>\n\n\n\n<div class=\"wp-block-file\"><a id=\"wp-block-file--media-73a93ef6-7688-4860-8dfc-850de1bb2ee1\" href=\"https:\/\/www.maarifmevzuati.com\/wp-content\/uploads\/2024\/03\/7491-SAYILI-KANUN.docx\">7491 SAYILI KANUN<\/a><a href=\"https:\/\/www.maarifmevzuati.com\/wp-content\/uploads\/2024\/03\/7491-SAYILI-KANUN.docx\" class=\"wp-block-file__button wp-element-button\" download aria-describedby=\"wp-block-file--media-73a93ef6-7688-4860-8dfc-850de1bb2ee1\">\u0130ndir<\/a><\/div>\n","protected":false},"excerpt":{"rendered":"","protected":false},"author":1,"featured_media":0,"parent":0,"menu_order":0,"comment_status":"closed","ping_status":"closed","template":"","meta":{"footnotes":""},"class_list":["post-19753","page","type-page","status-publish","hentry"],"_links":{"self":[{"href":"https:\/\/www.maarifmevzuati.com\/index.php?rest_route=\/wp\/v2\/pages\/19753","targetHints":{"allow":["GET"]}}],"collection":[{"href":"https:\/\/www.maarifmevzuati.com\/index.php?rest_route=\/wp\/v2\/pages"}],"about":[{"href":"https:\/\/www.maarifmevzuati.com\/index.php?rest_route=\/wp\/v2\/types\/page"}],"author":[{"embeddable":true,"href":"https:\/\/www.maarifmevzuati.com\/index.php?rest_route=\/wp\/v2\/users\/1"}],"replies":[{"embeddable":true,"href":"https:\/\/www.maarifmevzuati.com\/index.php?rest_route=%2Fwp%2Fv2%2Fcomments&post=19753"}],"version-history":[{"count":35,"href":"https:\/\/www.maarifmevzuati.com\/index.php?rest_route=\/wp\/v2\/pages\/19753\/revisions"}],"predecessor-version":[{"id":21492,"href":"https:\/\/www.maarifmevzuati.com\/index.php?rest_route=\/wp\/v2\/pages\/19753\/revisions\/21492"}],"wp:attachment":[{"href":"https:\/\/www.maarifmevzuati.com\/index.php?rest_route=%2Fwp%2Fv2%2Fmedia&parent=19753"}],"curies":[{"name":"wp","href":"https:\/\/api.w.org\/{rel}","templated":true}]}}