{"id":19764,"date":"2022-09-19T14:34:25","date_gmt":"2022-09-19T14:34:25","guid":{"rendered":"https:\/\/www.maarifmevzuati.com\/?page_id=19764"},"modified":"2025-01-12T12:44:34","modified_gmt":"2025-01-12T12:44:34","slug":"cumhurbaskani-kararnameleri","status":"publish","type":"page","link":"https:\/\/www.maarifmevzuati.com\/?page_id=19764","title":{"rendered":"CUMHURBA\u015eKANI KARARNAMELER\u0130"},"content":{"rendered":"\n<div class=\"wp-block-file\"><a id=\"wp-block-file--media-e7bea409-86a4-4e27-a44f-a5d8cb5bee47\" href=\"https:\/\/www.maarifmevzuati.com\/wp-content\/uploads\/2022\/10\/87-sayili-Cumhurbaskanligi-Teskilati-Hakkinda-Cumhurbaskanligi-Kararnamesinde-Degisiklik-Yapilmasina-Dair-Cumhurbaskanligi-Kararnamesi.docx\">87-sayili-Cumhurbaskanligi-Teskilati-Hakkinda-Cumhurbaskanligi-Kararnamesinde-Degisiklik-Yapilmasina-Dair-Cumhurbaskanligi-Kararnamesi<\/a><a href=\"https:\/\/www.maarifmevzuati.com\/wp-content\/uploads\/2022\/10\/87-sayili-Cumhurbaskanligi-Teskilati-Hakkinda-Cumhurbaskanligi-Kararnamesinde-Degisiklik-Yapilmasina-Dair-Cumhurbaskanligi-Kararnamesi.docx\" class=\"wp-block-file__button wp-element-button\" download aria-describedby=\"wp-block-file--media-e7bea409-86a4-4e27-a44f-a5d8cb5bee47\">\u0130ndir<\/a><\/div>\n\n\n\n<div class=\"wp-block-file\"><a id=\"wp-block-file--media-225fdf86-e95b-4698-b41e-fba47e9cf56b\" href=\"https:\/\/www.maarifmevzuati.com\/wp-content\/uploads\/2022\/10\/1-sayili-Cumhurbaskanligi-Teskilati-Hakkinda-Cumhurbaskanligi-Kararnamesi.docx\">1-sayili-Cumhurbaskanligi-Teskilati-Hakkinda-Cumhurbaskanligi-Kararnamesi<\/a><a href=\"https:\/\/www.maarifmevzuati.com\/wp-content\/uploads\/2022\/10\/1-sayili-Cumhurbaskanligi-Teskilati-Hakkinda-Cumhurbaskanligi-Kararnamesi.docx\" class=\"wp-block-file__button wp-element-button\" download aria-describedby=\"wp-block-file--media-225fdf86-e95b-4698-b41e-fba47e9cf56b\">\u0130ndir<\/a><\/div>\n\n\n\n<div class=\"wp-block-file\"><a id=\"wp-block-file--media-690ec3ae-82d3-4340-8215-ceafa8cc92b0\" href=\"https:\/\/www.maarifmevzuati.com\/wp-content\/uploads\/2022\/10\/2-sayili-Genel-Kadro-ve-Usulu-Hakkinda-Cumhurbaskanligi-Kararnamesi.docx\">2-sayili-Genel-Kadro-ve-Usulu-Hakkinda-Cumhurbaskanligi-Kararnamesi<\/a><a href=\"https:\/\/www.maarifmevzuati.com\/wp-content\/uploads\/2022\/10\/2-sayili-Genel-Kadro-ve-Usulu-Hakkinda-Cumhurbaskanligi-Kararnamesi.docx\" class=\"wp-block-file__button wp-element-button\" download aria-describedby=\"wp-block-file--media-690ec3ae-82d3-4340-8215-ceafa8cc92b0\">\u0130ndir<\/a><\/div>\n\n\n\n<div class=\"wp-block-file\"><a id=\"wp-block-file--media-6a2608b8-a1c7-4d01-9987-5b8f63f0fb2a\" href=\"https:\/\/www.maarifmevzuati.com\/wp-content\/uploads\/2022\/10\/3-sayili-Ust-Kademe-Kamu-Yoneticileri-ile-Kamu-Kurum-ve-Kuruluslarinda-Atama-Usullerine-Dair-Cumhurbaskanligi-Kararnamesi.docx\">3-sayili-Ust-Kademe-Kamu-Yoneticileri-ile-Kamu-Kurum-ve-Kuruluslarinda-Atama-Usullerine-Dair-Cumhurbaskanligi-Kararnamesi<\/a><a href=\"https:\/\/www.maarifmevzuati.com\/wp-content\/uploads\/2022\/10\/3-sayili-Ust-Kademe-Kamu-Yoneticileri-ile-Kamu-Kurum-ve-Kuruluslarinda-Atama-Usullerine-Dair-Cumhurbaskanligi-Kararnamesi.docx\" class=\"wp-block-file__button wp-element-button\" download aria-describedby=\"wp-block-file--media-6a2608b8-a1c7-4d01-9987-5b8f63f0fb2a\">\u0130ndir<\/a><\/div>\n\n\n\n<div class=\"wp-block-file\"><a id=\"wp-block-file--media-389c96e4-77bf-4618-afd0-017d06922ff8\" href=\"https:\/\/www.maarifmevzuati.com\/wp-content\/uploads\/2024\/04\/Cumhurbaskanligi-Teskilati-Hakkinda-Cumhurbaskanligi-Kararnamesi_2024.docx\">Cumhurbaskanligi-Teskilati-Hakkinda-Cumhurbaskanligi-Kararnamesi_2024<\/a><a href=\"https:\/\/www.maarifmevzuati.com\/wp-content\/uploads\/2024\/04\/Cumhurbaskanligi-Teskilati-Hakkinda-Cumhurbaskanligi-Kararnamesi_2024.docx\" class=\"wp-block-file__button wp-element-button\" download aria-describedby=\"wp-block-file--media-389c96e4-77bf-4618-afd0-017d06922ff8\">\u0130ndir<\/a><\/div>\n\n\n\n<div class=\"wp-block-file\"><a id=\"wp-block-file--media-0fe6419e-11db-4c8f-8549-6ef677d9d1c5\" href=\"https:\/\/www.maarifmevzuati.com\/wp-content\/uploads\/2024\/09\/UST-KADEME-KAMU-YONETICILERI-ILE-KAMU-KURUM-VE-KURULUSLARINDA-ATAMA-USULLERINE-DAIR-CUMHURBASKANLIGI-KARARNAMESI_2024.docx\"><strong>\u00dcST KADEME KAMU Y\u00d6NET\u0130C\u0130LER\u0130 \u0130LE KAMU KURUM VE KURULU\u015eLARINDA ATAMA USULLER\u0130NE DA\u0130R CUMHURBA\u015eKANLI\u011eI KARARNAMES\u0130<\/strong>_2024<\/a><a href=\"https:\/\/www.maarifmevzuati.com\/wp-content\/uploads\/2024\/09\/UST-KADEME-KAMU-YONETICILERI-ILE-KAMU-KURUM-VE-KURULUSLARINDA-ATAMA-USULLERINE-DAIR-CUMHURBASKANLIGI-KARARNAMESI_2024.docx\" class=\"wp-block-file__button wp-element-button\" download aria-describedby=\"wp-block-file--media-0fe6419e-11db-4c8f-8549-6ef677d9d1c5\">\u0130ndir<\/a><\/div>\n\n\n\n<div class=\"wp-block-file\"><a id=\"wp-block-file--media-7f85d0d4-7b45-4f96-afd1-224a3b780c72\" href=\"https:\/\/www.maarifmevzuati.com\/wp-content\/uploads\/2025\/01\/UST-KADEME-KAMU-YONETICILERI-ILE-KAMU-KURUM-VE-KURULUSLARINDA-ATAMA-USULLERINE-DAIR-CUMHURBASKANLIGI-KARARNAMESI_2025-1.docx\"><strong>\u00dcST KADEME KAMU Y\u00d6NET\u0130C\u0130LER\u0130 \u0130LE KAMU KURUM VE KURULU\u015eLARINDA ATAMA USULLER\u0130NE DA\u0130R CUMHURBA\u015eKANLI\u011eI KARARNAMES\u0130<\/strong>_2025<\/a><a href=\"https:\/\/www.maarifmevzuati.com\/wp-content\/uploads\/2025\/01\/UST-KADEME-KAMU-YONETICILERI-ILE-KAMU-KURUM-VE-KURULUSLARINDA-ATAMA-USULLERINE-DAIR-CUMHURBASKANLIGI-KARARNAMESI_2025-1.docx\" class=\"wp-block-file__button wp-element-button\" download aria-describedby=\"wp-block-file--media-7f85d0d4-7b45-4f96-afd1-224a3b780c72\">\u0130ndir<\/a><\/div>\n\n\n\n<p><\/p>\n","protected":false},"excerpt":{"rendered":"","protected":false},"author":1,"featured_media":0,"parent":0,"menu_order":0,"comment_status":"closed","ping_status":"closed","template":"","meta":{"footnotes":""},"class_list":["post-19764","page","type-page","status-publish","hentry"],"_links":{"self":[{"href":"https:\/\/www.maarifmevzuati.com\/index.php?rest_route=\/wp\/v2\/pages\/19764","targetHints":{"allow":["GET"]}}],"collection":[{"href":"https:\/\/www.maarifmevzuati.com\/index.php?rest_route=\/wp\/v2\/pages"}],"about":[{"href":"https:\/\/www.maarifmevzuati.com\/index.php?rest_route=\/wp\/v2\/types\/page"}],"author":[{"embeddable":true,"href":"https:\/\/www.maarifmevzuati.com\/index.php?rest_route=\/wp\/v2\/users\/1"}],"replies":[{"embeddable":true,"href":"https:\/\/www.maarifmevzuati.com\/index.php?rest_route=%2Fwp%2Fv2%2Fcomments&post=19764"}],"version-history":[{"count":12,"href":"https:\/\/www.maarifmevzuati.com\/index.php?rest_route=\/wp\/v2\/pages\/19764\/revisions"}],"predecessor-version":[{"id":21541,"href":"https:\/\/www.maarifmevzuati.com\/index.php?rest_route=\/wp\/v2\/pages\/19764\/revisions\/21541"}],"wp:attachment":[{"href":"https:\/\/www.maarifmevzuati.com\/index.php?rest_route=%2Fwp%2Fv2%2Fmedia&parent=19764"}],"curies":[{"name":"wp","href":"https:\/\/api.w.org\/{rel}","templated":true}]}}