{"id":19768,"date":"2022-09-19T14:35:14","date_gmt":"2022-09-19T14:35:14","guid":{"rendered":"https:\/\/www.maarifmevzuati.com\/?page_id=19768"},"modified":"2023-11-17T08:20:49","modified_gmt":"2023-11-17T08:20:49","slug":"cumhurbaskanligi-kararlari","status":"publish","type":"page","link":"https:\/\/www.maarifmevzuati.com\/?page_id=19768","title":{"rendered":"CUMHURBA\u015eKANLI\u011eI KARARLARI"},"content":{"rendered":"\n<div class=\"wp-block-file\"><a id=\"wp-block-file--media-28dc3c4e-c23d-43b1-a017-310e55027a45\" href=\"https:\/\/www.maarifmevzuati.com\/wp-content\/uploads\/2023\/11\/MILLI-EGITIM-BAKANLIGI-YONETICI-VE-OGRETMENLERININ-DERS-VE-EK-DERS-SAATLERINE-ILISKIN-KARAR.-2023.docx\"><strong>M\u0130LL\u0130 E\u011e\u0130T\u0130M BAKANLI\u011eI Y\u00d6NET\u0130C\u0130 VE \u00d6\u011eRETMENLER\u0130N\u0130N DERS VE EK DERS SAATLER\u0130NE \u0130L\u0130\u015eK\u0130N KARAR<\/strong><\/a><a href=\"https:\/\/www.maarifmevzuati.com\/wp-content\/uploads\/2023\/11\/MILLI-EGITIM-BAKANLIGI-YONETICI-VE-OGRETMENLERININ-DERS-VE-EK-DERS-SAATLERINE-ILISKIN-KARAR.-2023.docx\" class=\"wp-block-file__button wp-element-button\" download aria-describedby=\"wp-block-file--media-28dc3c4e-c23d-43b1-a017-310e55027a45\">\u0130ndir<\/a><\/div>\n","protected":false},"excerpt":{"rendered":"","protected":false},"author":1,"featured_media":0,"parent":0,"menu_order":0,"comment_status":"closed","ping_status":"closed","template":"","meta":{"footnotes":""},"class_list":["post-19768","page","type-page","status-publish","hentry"],"_links":{"self":[{"href":"https:\/\/www.maarifmevzuati.com\/index.php?rest_route=\/wp\/v2\/pages\/19768","targetHints":{"allow":["GET"]}}],"collection":[{"href":"https:\/\/www.maarifmevzuati.com\/index.php?rest_route=\/wp\/v2\/pages"}],"about":[{"href":"https:\/\/www.maarifmevzuati.com\/index.php?rest_route=\/wp\/v2\/types\/page"}],"author":[{"embeddable":true,"href":"https:\/\/www.maarifmevzuati.com\/index.php?rest_route=\/wp\/v2\/users\/1"}],"replies":[{"embeddable":true,"href":"https:\/\/www.maarifmevzuati.com\/index.php?rest_route=%2Fwp%2Fv2%2Fcomments&post=19768"}],"version-history":[{"count":2,"href":"https:\/\/www.maarifmevzuati.com\/index.php?rest_route=\/wp\/v2\/pages\/19768\/revisions"}],"predecessor-version":[{"id":21406,"href":"https:\/\/www.maarifmevzuati.com\/index.php?rest_route=\/wp\/v2\/pages\/19768\/revisions\/21406"}],"wp:attachment":[{"href":"https:\/\/www.maarifmevzuati.com\/index.php?rest_route=%2Fwp%2Fv2%2Fmedia&parent=19768"}],"curies":[{"name":"wp","href":"https:\/\/api.w.org\/{rel}","templated":true}]}}