{"id":19777,"date":"2022-09-19T14:37:53","date_gmt":"2022-09-19T14:37:53","guid":{"rendered":"https:\/\/www.maarifmevzuati.com\/?page_id=19777"},"modified":"2023-04-15T07:09:10","modified_gmt":"2023-04-15T07:09:10","slug":"2012-2","status":"publish","type":"page","link":"https:\/\/www.maarifmevzuati.com\/?page_id=19777","title":{"rendered":"2012"},"content":{"rendered":"\n<div class=\"wp-block-file\"><a id=\"wp-block-file--media-198f705c-6749-448a-bbdb-dfc77bb1d400\" href=\"https:\/\/www.maarifmevzuati.com\/wp-content\/uploads\/2022\/10\/SITE-LINKLERI.docx\">S\u0130TE L\u0130NKLER\u0130<\/a><a href=\"https:\/\/www.maarifmevzuati.com\/wp-content\/uploads\/2022\/10\/SITE-LINKLERI.docx\" class=\"wp-block-file__button wp-element-button\" download aria-describedby=\"wp-block-file--media-198f705c-6749-448a-bbdb-dfc77bb1d400\">\u0130ndir<\/a><\/div>\n\n\n\n<div class=\"wp-block-file\"><a id=\"wp-block-file--media-f19aa522-7b6f-4f47-8edc-3cc916d31d48\" href=\"https:\/\/www.maarifmevzuati.com\/wp-content\/uploads\/2022\/10\/2010-GENELGELERI.docx\">2010-GENELGELERI<\/a><a href=\"https:\/\/www.maarifmevzuati.com\/wp-content\/uploads\/2022\/10\/2010-GENELGELERI.docx\" class=\"wp-block-file__button wp-element-button\" download aria-describedby=\"wp-block-file--media-f19aa522-7b6f-4f47-8edc-3cc916d31d48\">\u0130ndir<\/a><\/div>\n\n\n\n<div class=\"wp-block-file\"><a id=\"wp-block-file--media-e2fffb3d-a346-449d-a633-c5d3202c2f40\" href=\"https:\/\/www.maarifmevzuati.com\/wp-content\/uploads\/2022\/10\/2011-GENELGELERI.docx\">2011-GENELGELERI<\/a><a href=\"https:\/\/www.maarifmevzuati.com\/wp-content\/uploads\/2022\/10\/2011-GENELGELERI.docx\" class=\"wp-block-file__button wp-element-button\" download aria-describedby=\"wp-block-file--media-e2fffb3d-a346-449d-a633-c5d3202c2f40\">\u0130ndir<\/a><\/div>\n\n\n\n<div class=\"wp-block-file\"><a id=\"wp-block-file--media-41649ba1-e154-457a-97b0-50940851c2a8\" href=\"https:\/\/www.maarifmevzuati.com\/wp-content\/uploads\/2022\/10\/DISIPLIN-CEZALARI-GENELGE-2012.41.docx\">DISIPLIN-CEZALARI-GENELGE-2012.41<\/a><a href=\"https:\/\/www.maarifmevzuati.com\/wp-content\/uploads\/2022\/10\/DISIPLIN-CEZALARI-GENELGE-2012.41.docx\" class=\"wp-block-file__button wp-element-button\" download aria-describedby=\"wp-block-file--media-41649ba1-e154-457a-97b0-50940851c2a8\">\u0130ndir<\/a><\/div>\n\n\n\n<div class=\"wp-block-file\"><a id=\"wp-block-file--media-a7162237-721e-4552-8e72-e5bc80c3d4ea\" href=\"https:\/\/www.maarifmevzuati.com\/wp-content\/uploads\/2022\/10\/24-KASIM-OGRETMENLER-GUNU-GENELGE-2012.31.docx\">24-KASIM-OGRETMENLER-GUNU-GENELGE-2012.31<\/a><a href=\"https:\/\/www.maarifmevzuati.com\/wp-content\/uploads\/2022\/10\/24-KASIM-OGRETMENLER-GUNU-GENELGE-2012.31.docx\" class=\"wp-block-file__button wp-element-button\" download aria-describedby=\"wp-block-file--media-a7162237-721e-4552-8e72-e5bc80c3d4ea\">\u0130ndir<\/a><\/div>\n\n\n\n<div class=\"wp-block-file\"><a id=\"wp-block-file--media-c5ca0d9d-fcfe-4998-9dd5-8af7b669880c\" href=\"https:\/\/www.maarifmevzuati.com\/wp-content\/uploads\/2022\/10\/2012-SBS.PYBS-IS-VE-ISLEMLERI.docx\">2012-SBS.PYBS-IS-VE-ISLEMLERI<\/a><a href=\"https:\/\/www.maarifmevzuati.com\/wp-content\/uploads\/2022\/10\/2012-SBS.PYBS-IS-VE-ISLEMLERI.docx\" class=\"wp-block-file__button wp-element-button\" download aria-describedby=\"wp-block-file--media-c5ca0d9d-fcfe-4998-9dd5-8af7b669880c\">\u0130ndir<\/a><\/div>\n\n\n\n<div class=\"wp-block-file\"><a id=\"wp-block-file--media-5377f721-c329-4e6d-b454-4cc926c9f678\" href=\"https:\/\/www.maarifmevzuati.com\/wp-content\/uploads\/2022\/10\/2012-YILI-TEMEL-EGITIM-YAPIM-PROGRAMI.docx\">2012-YILI-TEMEL-EGITIM-YAPIM-PROGRAMI<\/a><a href=\"https:\/\/www.maarifmevzuati.com\/wp-content\/uploads\/2022\/10\/2012-YILI-TEMEL-EGITIM-YAPIM-PROGRAMI.docx\" class=\"wp-block-file__button wp-element-button\" download aria-describedby=\"wp-block-file--media-5377f721-c329-4e6d-b454-4cc926c9f678\">\u0130ndir<\/a><\/div>\n\n\n\n<div class=\"wp-block-file\"><a id=\"wp-block-file--media-ef3caa6f-bbcd-4ca7-9c8a-860e4fdbaee1\" href=\"https:\/\/www.maarifmevzuati.com\/wp-content\/uploads\/2022\/10\/2012-2013-EGITIM-VE-OGRETIM-YILI-CALISMA-TAKVIMI.docx\">2012-2013-EGITIM-VE-OGRETIM-YILI-CALISMA-TAKVIMI<\/a><a href=\"https:\/\/www.maarifmevzuati.com\/wp-content\/uploads\/2022\/10\/2012-2013-EGITIM-VE-OGRETIM-YILI-CALISMA-TAKVIMI.docx\" class=\"wp-block-file__button wp-element-button\" download aria-describedby=\"wp-block-file--media-ef3caa6f-bbcd-4ca7-9c8a-860e4fdbaee1\">\u0130ndir<\/a><\/div>\n\n\n\n<div class=\"wp-block-file\"><a id=\"wp-block-file--media-f1ad5145-351b-4ce7-a602-a3d4d6a3373c\" href=\"https:\/\/www.maarifmevzuati.com\/wp-content\/uploads\/2022\/10\/2012-2013-EGITIM-OGRETIM-YILINDA-OKUTULACAK-ILKOGRETIM-VE-ORTAOGRETIM-DERS-KITAPLARI.docx\">2012-2013-EGITIM-OGRETIM-YILINDA-OKUTULACAK-ILKOGRETIM-VE-ORTAOGRETIM-DERS-KITAPLARI<\/a><a href=\"https:\/\/www.maarifmevzuati.com\/wp-content\/uploads\/2022\/10\/2012-2013-EGITIM-OGRETIM-YILINDA-OKUTULACAK-ILKOGRETIM-VE-ORTAOGRETIM-DERS-KITAPLARI.docx\" class=\"wp-block-file__button wp-element-button\" download aria-describedby=\"wp-block-file--media-f1ad5145-351b-4ce7-a602-a3d4d6a3373c\">\u0130ndir<\/a><\/div>\n\n\n\n<div class=\"wp-block-file\"><a id=\"wp-block-file--media-e7f261a0-2524-4db2-892a-9c0c51c83a52\" href=\"https:\/\/www.maarifmevzuati.com\/wp-content\/uploads\/2022\/10\/4734-SAYILI-KANUNUN-62NCI-MADDESININ-I-BENDININ-UYGULANMASI.docx\">4734-SAYILI-KANUNUN-62NCI-MADDESININ-I-BENDININ-UYGULANMASI<\/a><a href=\"https:\/\/www.maarifmevzuati.com\/wp-content\/uploads\/2022\/10\/4734-SAYILI-KANUNUN-62NCI-MADDESININ-I-BENDININ-UYGULANMASI.docx\" class=\"wp-block-file__button wp-element-button\" download aria-describedby=\"wp-block-file--media-e7f261a0-2524-4db2-892a-9c0c51c83a52\">\u0130ndir<\/a><\/div>\n\n\n\n<div class=\"wp-block-file\"><a id=\"wp-block-file--media-85d8ac9f-ebc5-4951-b626-92404774f958\" href=\"https:\/\/www.maarifmevzuati.com\/wp-content\/uploads\/2022\/10\/ARTAN-ODENEKLER.docx\">ARTAN-ODENEKLER<\/a><a href=\"https:\/\/www.maarifmevzuati.com\/wp-content\/uploads\/2022\/10\/ARTAN-ODENEKLER.docx\" class=\"wp-block-file__button wp-element-button\" download aria-describedby=\"wp-block-file--media-85d8ac9f-ebc5-4951-b626-92404774f958\">\u0130ndir<\/a><\/div>\n\n\n\n<div class=\"wp-block-file\"><a id=\"wp-block-file--media-6d0400d4-93a9-455f-ab0d-8e3a5a15da02\" href=\"https:\/\/www.maarifmevzuati.com\/wp-content\/uploads\/2022\/10\/EMEKLILIK-ISLEMLERI.docx\">EMEKLILIK-ISLEMLERI<\/a><a href=\"https:\/\/www.maarifmevzuati.com\/wp-content\/uploads\/2022\/10\/EMEKLILIK-ISLEMLERI.docx\" class=\"wp-block-file__button wp-element-button\" download aria-describedby=\"wp-block-file--media-6d0400d4-93a9-455f-ab0d-8e3a5a15da02\">\u0130ndir<\/a><\/div>\n\n\n\n<div class=\"wp-block-file\"><a id=\"wp-block-file--media-2b73b17b-5cbc-4d1f-b265-8a1d48efff3d\" href=\"https:\/\/www.maarifmevzuati.com\/wp-content\/uploads\/2022\/10\/IHALE-TALIMATI.docx\">IHALE-TALIMATI<\/a><a href=\"https:\/\/www.maarifmevzuati.com\/wp-content\/uploads\/2022\/10\/IHALE-TALIMATI.docx\" class=\"wp-block-file__button wp-element-button\" download aria-describedby=\"wp-block-file--media-2b73b17b-5cbc-4d1f-b265-8a1d48efff3d\">\u0130ndir<\/a><\/div>\n\n\n\n<div class=\"wp-block-file\"><a id=\"wp-block-file--media-477f0538-53c3-428c-85d5-2ed82ce0473a\" href=\"https:\/\/www.maarifmevzuati.com\/wp-content\/uploads\/2022\/10\/ILILCE-MILLI-EGITIM-MUDURLUKLERININ-TESKILATLANMASIGENELGE-2012.43.docx\">ILILCE-MILLI-EGITIM-MUDURLUKLERININ-TESKILATLANMASIGENELGE-2012.43<\/a><a href=\"https:\/\/www.maarifmevzuati.com\/wp-content\/uploads\/2022\/10\/ILILCE-MILLI-EGITIM-MUDURLUKLERININ-TESKILATLANMASIGENELGE-2012.43.docx\" class=\"wp-block-file__button wp-element-button\" download aria-describedby=\"wp-block-file--media-477f0538-53c3-428c-85d5-2ed82ce0473a\">\u0130ndir<\/a><\/div>\n\n\n\n<div class=\"wp-block-file\"><a id=\"wp-block-file--media-4a4b7d4c-79b9-49c5-ba6f-88c29a3599d9\" href=\"https:\/\/www.maarifmevzuati.com\/wp-content\/uploads\/2022\/10\/MERKEZ-TESKILATI-KONUT-TAHSISI.docx\">MERKEZ-TESKILATI-KONUT-TAHSISI<\/a><a href=\"https:\/\/www.maarifmevzuati.com\/wp-content\/uploads\/2022\/10\/MERKEZ-TESKILATI-KONUT-TAHSISI.docx\" class=\"wp-block-file__button wp-element-button\" download aria-describedby=\"wp-block-file--media-4a4b7d4c-79b9-49c5-ba6f-88c29a3599d9\">\u0130ndir<\/a><\/div>\n\n\n\n<div class=\"wp-block-file\"><a id=\"wp-block-file--media-4944d168-8f60-498c-a298-06a673fe721b\" href=\"https:\/\/www.maarifmevzuati.com\/wp-content\/uploads\/2022\/10\/MILLI-EGITIM-BAKANLIGI-ILETISIM-MERKEZI-ALO-147.docx\">MILLI-EGITIM-BAKANLIGI-ILETISIM-MERKEZI-ALO-147<\/a><a href=\"https:\/\/www.maarifmevzuati.com\/wp-content\/uploads\/2022\/10\/MILLI-EGITIM-BAKANLIGI-ILETISIM-MERKEZI-ALO-147.docx\" class=\"wp-block-file__button wp-element-button\" download aria-describedby=\"wp-block-file--media-4944d168-8f60-498c-a298-06a673fe721b\">\u0130ndir<\/a><\/div>\n\n\n\n<div class=\"wp-block-file\"><a id=\"wp-block-file--media-9f900b1c-c921-4ee3-abcd-3d729cf536fd\" href=\"https:\/\/www.maarifmevzuati.com\/wp-content\/uploads\/2022\/10\/OKUL-VE-ARSA-TAHSISI.docx\">OKUL-VE-ARSA-TAHSISI<\/a><a href=\"https:\/\/www.maarifmevzuati.com\/wp-content\/uploads\/2022\/10\/OKUL-VE-ARSA-TAHSISI.docx\" class=\"wp-block-file__button wp-element-button\" download aria-describedby=\"wp-block-file--media-9f900b1c-c921-4ee3-abcd-3d729cf536fd\">\u0130ndir<\/a><\/div>\n\n\n\n<div class=\"wp-block-file\"><a id=\"wp-block-file--media-275e9ceb-227d-4a91-98f7-c45bd4e745b9\" href=\"https:\/\/www.maarifmevzuati.com\/wp-content\/uploads\/2022\/10\/OKULLARIMIZDA-MEKAN-KULLANIMI.docx\">OKULLARIMIZDA-MEKAN-KULLANIMI<\/a><a href=\"https:\/\/www.maarifmevzuati.com\/wp-content\/uploads\/2022\/10\/OKULLARIMIZDA-MEKAN-KULLANIMI.docx\" class=\"wp-block-file__button wp-element-button\" download aria-describedby=\"wp-block-file--media-275e9ceb-227d-4a91-98f7-c45bd4e745b9\">\u0130ndir<\/a><\/div>\n\n\n\n<div class=\"wp-block-file\"><a id=\"wp-block-file--media-d98bf055-90cc-4d53-91a0-09332613038f\" href=\"https:\/\/www.maarifmevzuati.com\/wp-content\/uploads\/2022\/10\/TASINIR-MAL-ISLEMLERI.docx\">TASINIR-MAL-ISLEMLERI<\/a><a href=\"https:\/\/www.maarifmevzuati.com\/wp-content\/uploads\/2022\/10\/TASINIR-MAL-ISLEMLERI.docx\" class=\"wp-block-file__button wp-element-button\" download aria-describedby=\"wp-block-file--media-d98bf055-90cc-4d53-91a0-09332613038f\">\u0130ndir<\/a><\/div>\n\n\n\n<div class=\"wp-block-file\"><a id=\"wp-block-file--media-9ec3ab6a-2c06-486e-b689-d99ffc30d94f\" href=\"https:\/\/www.maarifmevzuati.com\/wp-content\/uploads\/2022\/10\/TASRA-TESKILATI-KONUT-TAHSISI.docx\">TASRA-TESKILATI-KONUT-TAHSISI<\/a><a href=\"https:\/\/www.maarifmevzuati.com\/wp-content\/uploads\/2022\/10\/TASRA-TESKILATI-KONUT-TAHSISI.docx\" class=\"wp-block-file__button wp-element-button\" download aria-describedby=\"wp-block-file--media-9ec3ab6a-2c06-486e-b689-d99ffc30d94f\">\u0130ndir<\/a><\/div>\n\n\n\n<div class=\"wp-block-file\"><a id=\"wp-block-file--media-5e8e5ce3-78ea-4645-b0a8-ce0ded421dcd\" href=\"https:\/\/www.maarifmevzuati.com\/wp-content\/uploads\/2022\/10\/TEK-DERS-SINAVIGENELGE-2012.38.docx\">TEK-DERS-SINAVIGENELGE-2012.38<\/a><a href=\"https:\/\/www.maarifmevzuati.com\/wp-content\/uploads\/2022\/10\/TEK-DERS-SINAVIGENELGE-2012.38.docx\" class=\"wp-block-file__button wp-element-button\" download aria-describedby=\"wp-block-file--media-5e8e5ce3-78ea-4645-b0a8-ce0ded421dcd\">\u0130ndir<\/a><\/div>\n\n\n\n<div class=\"wp-block-file\"><a id=\"wp-block-file--media-09853aa5-c8a5-41f0-90e6-67fc53d4d6e3\" href=\"https:\/\/www.maarifmevzuati.com\/wp-content\/uploads\/2022\/10\/ZARARLI-MADDE-BAGIMLILIGINI-ONLEMEK.docx\">ZARARLI-MADDE-BAGIMLILIGINI-ONLEMEK<\/a><a href=\"https:\/\/www.maarifmevzuati.com\/wp-content\/uploads\/2022\/10\/ZARARLI-MADDE-BAGIMLILIGINI-ONLEMEK.docx\" class=\"wp-block-file__button wp-element-button\" download aria-describedby=\"wp-block-file--media-09853aa5-c8a5-41f0-90e6-67fc53d4d6e3\">\u0130ndir<\/a><\/div>\n\n\n\n<div class=\"wp-block-file\"><a id=\"wp-block-file--media-450343be-b4ac-4dc0-b6e7-50908fcd124b\" href=\"https:\/\/www.maarifmevzuati.com\/wp-content\/uploads\/2022\/10\/DISIPLIN-CEZALARI-GENELGE-2012.42.docx\">DISIPLIN-CEZALARI-GENELGE-2012.42<\/a><a href=\"https:\/\/www.maarifmevzuati.com\/wp-content\/uploads\/2022\/10\/DISIPLIN-CEZALARI-GENELGE-2012.42.docx\" class=\"wp-block-file__button wp-element-button\" download aria-describedby=\"wp-block-file--media-450343be-b4ac-4dc0-b6e7-50908fcd124b\">\u0130ndir<\/a><\/div>\n\n\n\n<div class=\"wp-block-file\"><a id=\"wp-block-file--media-7de71d54-bdfd-4cc1-b890-03ec5b9ee6f0\" href=\"https:\/\/www.maarifmevzuati.com\/wp-content\/uploads\/2022\/10\/OZUR-DURUMUNDAN-YER-DEGISIKLIGI-YAPILAMAYAN-OGRETMENLERE-VERILECEK-IZINGENELGE-2012.40.docx\">OZUR-DURUMUNDAN-YER-DEGISIKLIGI-YAPILAMAYAN-OGRETMENLERE-VERILECEK-IZINGENELGE-2012.40<\/a><a href=\"https:\/\/www.maarifmevzuati.com\/wp-content\/uploads\/2022\/10\/OZUR-DURUMUNDAN-YER-DEGISIKLIGI-YAPILAMAYAN-OGRETMENLERE-VERILECEK-IZINGENELGE-2012.40.docx\" class=\"wp-block-file__button wp-element-button\" download aria-describedby=\"wp-block-file--media-7de71d54-bdfd-4cc1-b890-03ec5b9ee6f0\">\u0130ndir<\/a><\/div>\n\n\n\n<div class=\"wp-block-file\"><a id=\"wp-block-file--media-9004b837-6436-43c5-a67a-875947dcf18c\" href=\"https:\/\/www.maarifmevzuati.com\/wp-content\/uploads\/2022\/10\/DISIPLIN-CEZALARI-GENELGE-2012.41-1.docx\">DISIPLIN-CEZALARI-GENELGE-2012.41-1<\/a><a href=\"https:\/\/www.maarifmevzuati.com\/wp-content\/uploads\/2022\/10\/DISIPLIN-CEZALARI-GENELGE-2012.41-1.docx\" class=\"wp-block-file__button wp-element-button\" download aria-describedby=\"wp-block-file--media-9004b837-6436-43c5-a67a-875947dcf18c\">\u0130ndir<\/a><\/div>\n\n\n\n<div class=\"wp-block-file\"><a id=\"wp-block-file--media-4bfe6c2f-0180-48ed-9144-6eb07fac78c9\" href=\"https:\/\/www.maarifmevzuati.com\/wp-content\/uploads\/2022\/10\/ILKSAN-UYELIGI-GENELGE-2012.33.docx\">ILKSAN-UYELIGI-GENELGE-2012.33<\/a><a href=\"https:\/\/www.maarifmevzuati.com\/wp-content\/uploads\/2022\/10\/ILKSAN-UYELIGI-GENELGE-2012.33.docx\" class=\"wp-block-file__button wp-element-button\" download aria-describedby=\"wp-block-file--media-4bfe6c2f-0180-48ed-9144-6eb07fac78c9\">\u0130ndir<\/a><\/div>\n\n\n\n<div class=\"wp-block-file\"><a id=\"wp-block-file--media-54c984f3-3b02-47aa-86d6-35387866fd32\" href=\"https:\/\/www.maarifmevzuati.com\/wp-content\/uploads\/2023\/04\/DISIPLIN-CEZALARI-GENELGE-2012.42.docx\">D\u0130S\u0130PL\u0130N CEZALARI GENELGE 2012.42<\/a><a href=\"https:\/\/www.maarifmevzuati.com\/wp-content\/uploads\/2023\/04\/DISIPLIN-CEZALARI-GENELGE-2012.42.docx\" class=\"wp-block-file__button wp-element-button\" download aria-describedby=\"wp-block-file--media-54c984f3-3b02-47aa-86d6-35387866fd32\">\u0130ndir<\/a><\/div>\n","protected":false},"excerpt":{"rendered":"","protected":false},"author":1,"featured_media":0,"parent":0,"menu_order":0,"comment_status":"closed","ping_status":"closed","template":"","meta":{"footnotes":""},"class_list":["post-19777","page","type-page","status-publish","hentry"],"_links":{"self":[{"href":"https:\/\/www.maarifmevzuati.com\/index.php?rest_route=\/wp\/v2\/pages\/19777","targetHints":{"allow":["GET"]}}],"collection":[{"href":"https:\/\/www.maarifmevzuati.com\/index.php?rest_route=\/wp\/v2\/pages"}],"about":[{"href":"https:\/\/www.maarifmevzuati.com\/index.php?rest_route=\/wp\/v2\/types\/page"}],"author":[{"embeddable":true,"href":"https:\/\/www.maarifmevzuati.com\/index.php?rest_route=\/wp\/v2\/users\/1"}],"replies":[{"embeddable":true,"href":"https:\/\/www.maarifmevzuati.com\/index.php?rest_route=%2Fwp%2Fv2%2Fcomments&post=19777"}],"version-history":[{"count":6,"href":"https:\/\/www.maarifmevzuati.com\/index.php?rest_route=\/wp\/v2\/pages\/19777\/revisions"}],"predecessor-version":[{"id":21312,"href":"https:\/\/www.maarifmevzuati.com\/index.php?rest_route=\/wp\/v2\/pages\/19777\/revisions\/21312"}],"wp:attachment":[{"href":"https:\/\/www.maarifmevzuati.com\/index.php?rest_route=%2Fwp%2Fv2%2Fmedia&parent=19777"}],"curies":[{"name":"wp","href":"https:\/\/api.w.org\/{rel}","templated":true}]}}