{"id":19785,"date":"2022-09-19T14:38:43","date_gmt":"2022-09-19T14:38:43","guid":{"rendered":"https:\/\/www.maarifmevzuati.com\/?page_id=19785"},"modified":"2023-12-30T18:41:52","modified_gmt":"2023-12-30T18:41:52","slug":"2016-2","status":"publish","type":"page","link":"https:\/\/www.maarifmevzuati.com\/?page_id=19785","title":{"rendered":"2016"},"content":{"rendered":"\n<div class=\"wp-block-file\"><a id=\"wp-block-file--media-3e5f3983-2b7a-4a52-96da-ef8d0a6e4e73\" href=\"https:\/\/www.maarifmevzuati.com\/wp-content\/uploads\/2023\/04\/BAYRAM-TATILINE-DENK-GELEN-YILLIK-IZINLERIN-HESAPLANMASI-ILE-ILGILI-DPBNIN-GORUS-YAZISI.docx\">BAYRAM TAT\u0130L\u0130NE DENK GELEN YILLIK \u0130Z\u0130NLER\u0130N HESAPLANMASI \u0130LE \u0130LG\u0130L\u0130 DPB\u2019NIN G\u00d6R\u00dc\u015e YAZISI<\/a><a href=\"https:\/\/www.maarifmevzuati.com\/wp-content\/uploads\/2023\/04\/BAYRAM-TATILINE-DENK-GELEN-YILLIK-IZINLERIN-HESAPLANMASI-ILE-ILGILI-DPBNIN-GORUS-YAZISI.docx\" class=\"wp-block-file__button wp-element-button\" download aria-describedby=\"wp-block-file--media-3e5f3983-2b7a-4a52-96da-ef8d0a6e4e73\">\u0130ndir<\/a><\/div>\n\n\n\n<div class=\"wp-block-file\"><a id=\"wp-block-file--media-c1ecbb79-52e9-4006-95e2-b492a045cbc9\" href=\"https:\/\/www.maarifmevzuati.com\/wp-content\/uploads\/2023\/12\/DESTEK-EGITIM-ODALARINDA-OKUTULAN-DERSLERIN-HAZIRLIK-VE-PLANLAMA-SAYILIP-SAYILMAYACAGI-HK.docx\">DESTEK-EGITIM-ODALARINDA-OKUTULAN-DERSLERIN-HAZIRLIK-VE-PLANLAMA-SAYILIP-SAYILMAYACAGI-HK<\/a><a href=\"https:\/\/www.maarifmevzuati.com\/wp-content\/uploads\/2023\/12\/DESTEK-EGITIM-ODALARINDA-OKUTULAN-DERSLERIN-HAZIRLIK-VE-PLANLAMA-SAYILIP-SAYILMAYACAGI-HK.docx\" class=\"wp-block-file__button wp-element-button\" download aria-describedby=\"wp-block-file--media-c1ecbb79-52e9-4006-95e2-b492a045cbc9\">\u0130ndir<\/a><\/div>\n","protected":false},"excerpt":{"rendered":"","protected":false},"author":1,"featured_media":0,"parent":0,"menu_order":0,"comment_status":"closed","ping_status":"closed","template":"","meta":{"footnotes":""},"class_list":["post-19785","page","type-page","status-publish","hentry"],"_links":{"self":[{"href":"https:\/\/www.maarifmevzuati.com\/index.php?rest_route=\/wp\/v2\/pages\/19785","targetHints":{"allow":["GET"]}}],"collection":[{"href":"https:\/\/www.maarifmevzuati.com\/index.php?rest_route=\/wp\/v2\/pages"}],"about":[{"href":"https:\/\/www.maarifmevzuati.com\/index.php?rest_route=\/wp\/v2\/types\/page"}],"author":[{"embeddable":true,"href":"https:\/\/www.maarifmevzuati.com\/index.php?rest_route=\/wp\/v2\/users\/1"}],"replies":[{"embeddable":true,"href":"https:\/\/www.maarifmevzuati.com\/index.php?rest_route=%2Fwp%2Fv2%2Fcomments&post=19785"}],"version-history":[{"count":5,"href":"https:\/\/www.maarifmevzuati.com\/index.php?rest_route=\/wp\/v2\/pages\/19785\/revisions"}],"predecessor-version":[{"id":21429,"href":"https:\/\/www.maarifmevzuati.com\/index.php?rest_route=\/wp\/v2\/pages\/19785\/revisions\/21429"}],"wp:attachment":[{"href":"https:\/\/www.maarifmevzuati.com\/index.php?rest_route=%2Fwp%2Fv2%2Fmedia&parent=19785"}],"curies":[{"name":"wp","href":"https:\/\/api.w.org\/{rel}","templated":true}]}}