{"id":19809,"date":"2022-09-19T14:43:21","date_gmt":"2022-09-19T14:43:21","guid":{"rendered":"https:\/\/www.maarifmevzuati.com\/?page_id=19809"},"modified":"2023-03-18T12:46:44","modified_gmt":"2023-03-18T12:46:44","slug":"on-inceleme-4483","status":"publish","type":"page","link":"https:\/\/www.maarifmevzuati.com\/?page_id=19809","title":{"rendered":"\u00d6n \u0130nceleme-4483"},"content":{"rendered":"\n<div class=\"wp-block-file\"><a id=\"wp-block-file--media-dd4f8661-898e-414a-833b-f17c2c346a57\" href=\"https:\/\/www.maarifmevzuati.com\/wp-content\/uploads\/2023\/03\/4483-SAYILI-KANUNDAKI-45-GUNLUK-AZAMI-ON-INCELEME-SURESININ-MUTLAK-OLMADIGI-ILE-ILGILI-YARGI-KARARI.docx\">4483 SAYILI KANUNDAK\u0130 45 G\u00dcNL\u00dcK AZAM\u0130 \u00d6N \u0130NCELEME S\u00dcRES\u0130N\u0130N MUTLAK OLMADI\u011eI \u0130LE \u0130LG\u0130L\u0130 KARAR<\/a><a href=\"https:\/\/www.maarifmevzuati.com\/wp-content\/uploads\/2023\/03\/4483-SAYILI-KANUNDAKI-45-GUNLUK-AZAMI-ON-INCELEME-SURESININ-MUTLAK-OLMADIGI-ILE-ILGILI-YARGI-KARARI.docx\" class=\"wp-block-file__button wp-element-button\" download aria-describedby=\"wp-block-file--media-dd4f8661-898e-414a-833b-f17c2c346a57\">\u0130ndir<\/a><\/div>\n\n\n\n<div class=\"wp-block-file\"><a id=\"wp-block-file--media-fc89f83b-eb22-41ff-a39a-81cf194f8bd8\" href=\"https:\/\/www.maarifmevzuati.com\/wp-content\/uploads\/2023\/03\/4483-SAYILI-MEMURLAR-YE-DIGER-KAMU-GOREVLILERININ-YARGILANMASI-HAKKINDA-KANUNUN-BAZI-MADDELERININ-UYGULANMASINDA-DUSULEN-DURAKSAMANIN-GIDERILMESINE-ILISKIN.docx\"><strong>4483 SAYILI MEMURLAR VE D\u0130\u011eER KAMU G\u00d6REVL\u0130LER\u0130N\u0130N YARGILANMASI HAKKINDA KANUNUN BAZI MADDELER\u0130N\u0130N UYGULANMASINDA D\u00dc\u015e\u00dcLEN DURAKSAMANIN G\u0130DER\u0130LMES\u0130NE \u0130L\u0130\u015eK\u0130N<\/strong> DANI\u015eTAY B\u0130R\u0130NC\u0130 DA\u0130RE KARARI<\/a><a href=\"https:\/\/www.maarifmevzuati.com\/wp-content\/uploads\/2023\/03\/4483-SAYILI-MEMURLAR-YE-DIGER-KAMU-GOREVLILERININ-YARGILANMASI-HAKKINDA-KANUNUN-BAZI-MADDELERININ-UYGULANMASINDA-DUSULEN-DURAKSAMANIN-GIDERILMESINE-ILISKIN.docx\" class=\"wp-block-file__button wp-element-button\" download aria-describedby=\"wp-block-file--media-fc89f83b-eb22-41ff-a39a-81cf194f8bd8\">\u0130ndir<\/a><\/div>\n","protected":false},"excerpt":{"rendered":"","protected":false},"author":1,"featured_media":0,"parent":0,"menu_order":0,"comment_status":"closed","ping_status":"closed","template":"","meta":{"footnotes":""},"class_list":["post-19809","page","type-page","status-publish","hentry"],"_links":{"self":[{"href":"https:\/\/www.maarifmevzuati.com\/index.php?rest_route=\/wp\/v2\/pages\/19809","targetHints":{"allow":["GET"]}}],"collection":[{"href":"https:\/\/www.maarifmevzuati.com\/index.php?rest_route=\/wp\/v2\/pages"}],"about":[{"href":"https:\/\/www.maarifmevzuati.com\/index.php?rest_route=\/wp\/v2\/types\/page"}],"author":[{"embeddable":true,"href":"https:\/\/www.maarifmevzuati.com\/index.php?rest_route=\/wp\/v2\/users\/1"}],"replies":[{"embeddable":true,"href":"https:\/\/www.maarifmevzuati.com\/index.php?rest_route=%2Fwp%2Fv2%2Fcomments&post=19809"}],"version-history":[{"count":6,"href":"https:\/\/www.maarifmevzuati.com\/index.php?rest_route=\/wp\/v2\/pages\/19809\/revisions"}],"predecessor-version":[{"id":21221,"href":"https:\/\/www.maarifmevzuati.com\/index.php?rest_route=\/wp\/v2\/pages\/19809\/revisions\/21221"}],"wp:attachment":[{"href":"https:\/\/www.maarifmevzuati.com\/index.php?rest_route=%2Fwp%2Fv2%2Fmedia&parent=19809"}],"curies":[{"name":"wp","href":"https:\/\/api.w.org\/{rel}","templated":true}]}}